{"id":1278,"date":"2023-03-09T11:21:23","date_gmt":"2023-03-09T16:21:23","guid":{"rendered":"http:\/\/centrograficosalesiano.com.ec\/?page_id=1278"},"modified":"2023-03-15T15:57:25","modified_gmt":"2023-03-15T20:57:25","slug":"nuestra-organizacion","status":"publish","type":"page","link":"https:\/\/centrograficosalesiano.com.ec\/?page_id=1278","title":{"rendered":"Nuestra organizaci\u00f3n"},"content":{"rendered":"\t\t<div data-elementor-type=\"wp-page\" data-elementor-id=\"1278\" class=\"elementor elementor-1278\">\n\t\t\t\t\t\t<section class=\"elementor-section elementor-top-section elementor-element elementor-element-6996511 elementor-section-full_width elementor-hidden-phone elementor-section-stretched elementor-section-height-default elementor-section-height-default\" data-id=\"6996511\" data-element_type=\"section\" data-settings=\"{&quot;stretch_section&quot;:&quot;section-stretched&quot;}\">\n\t\t\t\t\t\t<div class=\"elementor-container elementor-column-gap-default\">\n\t\t\t\t\t<div class=\"elementor-column elementor-col-11 elementor-top-column elementor-element elementor-element-9734cfd\" data-id=\"9734cfd\" data-element_type=\"column\">\n\t\t\t<div class=\"elementor-widget-wrap elementor-element-populated\">\n\t\t\t\t\t\t<div class=\"elementor-element elementor-element-9c936ac elementor-widget elementor-widget-spacer\" data-id=\"9c936ac\" data-element_type=\"widget\" data-widget_type=\"spacer.default\">\n\t\t\t\t<div class=\"elementor-widget-container\">\n\t\t\t\t\t<div class=\"elementor-spacer\">\n\t\t\t<div class=\"elementor-spacer-inner\"><\/div>\n\t\t<\/div>\n\t\t\t\t<\/div>\n\t\t\t\t<\/div>\n\t\t\t\t\t<\/div>\n\t\t<\/div>\n\t\t\t\t<div class=\"elementor-column elementor-col-11 elementor-top-column elementor-element elementor-element-2fa4dc4\" data-id=\"2fa4dc4\" data-element_type=\"column\">\n\t\t\t<div class=\"elementor-widget-wrap elementor-element-populated\">\n\t\t\t\t\t\t<div class=\"elementor-element elementor-element-9a3f045 elementor-widget elementor-widget-spacer\" data-id=\"9a3f045\" data-element_type=\"widget\" data-widget_type=\"spacer.default\">\n\t\t\t\t<div class=\"elementor-widget-container\">\n\t\t\t\t\t<div class=\"elementor-spacer\">\n\t\t\t<div class=\"elementor-spacer-inner\"><\/div>\n\t\t<\/div>\n\t\t\t\t<\/div>\n\t\t\t\t<\/div>\n\t\t\t\t\t<\/div>\n\t\t<\/div>\n\t\t\t\t<div class=\"elementor-column elementor-col-11 elementor-top-column elementor-element elementor-element-57e489c\" data-id=\"57e489c\" data-element_type=\"column\">\n\t\t\t<div class=\"elementor-widget-wrap elementor-element-populated\">\n\t\t\t\t\t\t<div class=\"elementor-element elementor-element-0769819 elementor-widget elementor-widget-spacer\" data-id=\"0769819\" data-element_type=\"widget\" data-widget_type=\"spacer.default\">\n\t\t\t\t<div class=\"elementor-widget-container\">\n\t\t\t\t\t<div class=\"elementor-spacer\">\n\t\t\t<div class=\"elementor-spacer-inner\"><\/div>\n\t\t<\/div>\n\t\t\t\t<\/div>\n\t\t\t\t<\/div>\n\t\t\t\t\t<\/div>\n\t\t<\/div>\n\t\t\t\t<div class=\"elementor-column elementor-col-11 elementor-top-column elementor-element elementor-element-7fb6345\" data-id=\"7fb6345\" data-element_type=\"column\">\n\t\t\t<div class=\"elementor-widget-wrap elementor-element-populated\">\n\t\t\t\t\t\t<div class=\"elementor-element elementor-element-de401f4 elementor-widget elementor-widget-spacer\" data-id=\"de401f4\" data-element_type=\"widget\" data-widget_type=\"spacer.default\">\n\t\t\t\t<div class=\"elementor-widget-container\">\n\t\t\t\t\t<div class=\"elementor-spacer\">\n\t\t\t<div class=\"elementor-spacer-inner\"><\/div>\n\t\t<\/div>\n\t\t\t\t<\/div>\n\t\t\t\t<\/div>\n\t\t\t\t\t<\/div>\n\t\t<\/div>\n\t\t\t\t<div class=\"elementor-column elementor-col-11 elementor-top-column elementor-element elementor-element-191b4d7\" data-id=\"191b4d7\" data-element_type=\"column\">\n\t\t\t<div class=\"elementor-widget-wrap elementor-element-populated\">\n\t\t\t\t\t\t<div class=\"elementor-element elementor-element-10ad1da elementor-widget elementor-widget-spacer\" data-id=\"10ad1da\" data-element_type=\"widget\" data-widget_type=\"spacer.default\">\n\t\t\t\t<div class=\"elementor-widget-container\">\n\t\t\t\t\t<div class=\"elementor-spacer\">\n\t\t\t<div class=\"elementor-spacer-inner\"><\/div>\n\t\t<\/div>\n\t\t\t\t<\/div>\n\t\t\t\t<\/div>\n\t\t\t\t\t<\/div>\n\t\t<\/div>\n\t\t\t\t<div class=\"elementor-column elementor-col-11 elementor-top-column elementor-element elementor-element-be49ad6\" data-id=\"be49ad6\" data-element_type=\"column\">\n\t\t\t<div class=\"elementor-widget-wrap elementor-element-populated\">\n\t\t\t\t\t\t<div class=\"elementor-element elementor-element-a3ac201 elementor-widget elementor-widget-spacer\" data-id=\"a3ac201\" data-element_type=\"widget\" data-widget_type=\"spacer.default\">\n\t\t\t\t<div class=\"elementor-widget-container\">\n\t\t\t\t\t<div class=\"elementor-spacer\">\n\t\t\t<div class=\"elementor-spacer-inner\"><\/div>\n\t\t<\/div>\n\t\t\t\t<\/div>\n\t\t\t\t<\/div>\n\t\t\t\t\t<\/div>\n\t\t<\/div>\n\t\t\t\t<div class=\"elementor-column elementor-col-11 elementor-top-column elementor-element elementor-element-57af129\" data-id=\"57af129\" data-element_type=\"column\">\n\t\t\t<div class=\"elementor-widget-wrap elementor-element-populated\">\n\t\t\t\t\t\t<div class=\"elementor-element elementor-element-87521ae elementor-widget elementor-widget-spacer\" data-id=\"87521ae\" data-element_type=\"widget\" data-widget_type=\"spacer.default\">\n\t\t\t\t<div class=\"elementor-widget-container\">\n\t\t\t\t\t<div class=\"elementor-spacer\">\n\t\t\t<div class=\"elementor-spacer-inner\"><\/div>\n\t\t<\/div>\n\t\t\t\t<\/div>\n\t\t\t\t<\/div>\n\t\t\t\t\t<\/div>\n\t\t<\/div>\n\t\t\t\t<div class=\"elementor-column elementor-col-11 elementor-top-column elementor-element elementor-element-61c02b6\" data-id=\"61c02b6\" data-element_type=\"column\">\n\t\t\t<div class=\"elementor-widget-wrap elementor-element-populated\">\n\t\t\t\t\t\t<div class=\"elementor-element elementor-element-12bb2be elementor-widget elementor-widget-spacer\" data-id=\"12bb2be\" data-element_type=\"widget\" data-widget_type=\"spacer.default\">\n\t\t\t\t<div class=\"elementor-widget-container\">\n\t\t\t\t\t<div class=\"elementor-spacer\">\n\t\t\t<div class=\"elementor-spacer-inner\"><\/div>\n\t\t<\/div>\n\t\t\t\t<\/div>\n\t\t\t\t<\/div>\n\t\t\t\t\t<\/div>\n\t\t<\/div>\n\t\t\t\t<div class=\"elementor-column elementor-col-11 elementor-top-column elementor-element elementor-element-0e48f2f\" data-id=\"0e48f2f\" data-element_type=\"column\">\n\t\t\t<div class=\"elementor-widget-wrap elementor-element-populated\">\n\t\t\t\t\t\t<div class=\"elementor-element elementor-element-f4b971d elementor-widget elementor-widget-spacer\" data-id=\"f4b971d\" data-element_type=\"widget\" data-widget_type=\"spacer.default\">\n\t\t\t\t<div class=\"elementor-widget-container\">\n\t\t\t\t\t<div class=\"elementor-spacer\">\n\t\t\t<div class=\"elementor-spacer-inner\"><\/div>\n\t\t<\/div>\n\t\t\t\t<\/div>\n\t\t\t\t<\/div>\n\t\t\t\t\t<\/div>\n\t\t<\/div>\n\t\t\t\t\t<\/div>\n\t\t<\/section>\n\t\t<div class=\"elementor-element elementor-element-f7b258d e-flex e-con-boxed e-con e-parent\" data-id=\"f7b258d\" data-element_type=\"container\">\n\t\t\t\t\t<div class=\"e-con-inner\">\n\t\t\t\t<div class=\"elementor-element elementor-element-f8918a6 elementor-widget elementor-widget-spacer\" data-id=\"f8918a6\" data-element_type=\"widget\" data-widget_type=\"spacer.default\">\n\t\t\t\t<div class=\"elementor-widget-container\">\n\t\t\t\t\t<div class=\"elementor-spacer\">\n\t\t\t<div class=\"elementor-spacer-inner\"><\/div>\n\t\t<\/div>\n\t\t\t\t<\/div>\n\t\t\t\t<\/div>\n\t\t\t\t\t<\/div>\n\t\t\t\t<\/div>\n\t\t<div class=\"elementor-element elementor-element-88bae21 e-flex e-con-boxed e-con e-parent\" data-id=\"88bae21\" data-element_type=\"container\">\n\t\t\t\t\t<div class=\"e-con-inner\">\n\t\t\t\t<div class=\"elementor-element elementor-element-781801c elementor-widget-divider--view-line elementor-widget elementor-widget-divider\" data-id=\"781801c\" data-element_type=\"widget\" data-widget_type=\"divider.default\">\n\t\t\t\t<div class=\"elementor-widget-container\">\n\t\t\t\t\t<div class=\"elementor-divider\">\n\t\t\t<span class=\"elementor-divider-separator\">\n\t\t\t\t\t\t<\/span>\n\t\t<\/div>\n\t\t\t\t<\/div>\n\t\t\t\t<\/div>\n\t\t\t\t\t<\/div>\n\t\t\t\t<\/div>\n\t\t\t\t<section class=\"elementor-section elementor-top-section elementor-element elementor-element-631a092 elementor-section-full_width elementor-hidden-phone elementor-section-stretched elementor-section-height-default elementor-section-height-default\" data-id=\"631a092\" data-element_type=\"section\" data-settings=\"{&quot;stretch_section&quot;:&quot;section-stretched&quot;}\">\n\t\t\t\t\t\t<div class=\"elementor-container elementor-column-gap-default\">\n\t\t\t\t\t<div class=\"elementor-column elementor-col-11 elementor-top-column elementor-element elementor-element-9fb996e\" data-id=\"9fb996e\" data-element_type=\"column\">\n\t\t\t<div class=\"elementor-widget-wrap elementor-element-populated\">\n\t\t\t\t\t\t<div class=\"elementor-element elementor-element-49dd296 elementor-widget elementor-widget-spacer\" data-id=\"49dd296\" data-element_type=\"widget\" data-widget_type=\"spacer.default\">\n\t\t\t\t<div class=\"elementor-widget-container\">\n\t\t\t\t\t<div class=\"elementor-spacer\">\n\t\t\t<div class=\"elementor-spacer-inner\"><\/div>\n\t\t<\/div>\n\t\t\t\t<\/div>\n\t\t\t\t<\/div>\n\t\t\t\t\t<\/div>\n\t\t<\/div>\n\t\t\t\t<div class=\"elementor-column elementor-col-11 elementor-top-column elementor-element elementor-element-84add2a\" data-id=\"84add2a\" data-element_type=\"column\">\n\t\t\t<div class=\"elementor-widget-wrap elementor-element-populated\">\n\t\t\t\t\t\t<div class=\"elementor-element elementor-element-e1eb7c5 elementor-widget elementor-widget-spacer\" data-id=\"e1eb7c5\" data-element_type=\"widget\" data-widget_type=\"spacer.default\">\n\t\t\t\t<div class=\"elementor-widget-container\">\n\t\t\t\t\t<div class=\"elementor-spacer\">\n\t\t\t<div class=\"elementor-spacer-inner\"><\/div>\n\t\t<\/div>\n\t\t\t\t<\/div>\n\t\t\t\t<\/div>\n\t\t\t\t\t<\/div>\n\t\t<\/div>\n\t\t\t\t<div class=\"elementor-column elementor-col-11 elementor-top-column elementor-element elementor-element-e5928d0\" data-id=\"e5928d0\" data-element_type=\"column\">\n\t\t\t<div class=\"elementor-widget-wrap elementor-element-populated\">\n\t\t\t\t\t\t<div class=\"elementor-element elementor-element-ee3dc5d elementor-widget elementor-widget-spacer\" data-id=\"ee3dc5d\" data-element_type=\"widget\" data-widget_type=\"spacer.default\">\n\t\t\t\t<div class=\"elementor-widget-container\">\n\t\t\t\t\t<div class=\"elementor-spacer\">\n\t\t\t<div class=\"elementor-spacer-inner\"><\/div>\n\t\t<\/div>\n\t\t\t\t<\/div>\n\t\t\t\t<\/div>\n\t\t\t\t\t<\/div>\n\t\t<\/div>\n\t\t\t\t<div class=\"elementor-column elementor-col-11 elementor-top-column elementor-element elementor-element-1c8e9c2\" data-id=\"1c8e9c2\" data-element_type=\"column\">\n\t\t\t<div class=\"elementor-widget-wrap elementor-element-populated\">\n\t\t\t\t\t\t<div class=\"elementor-element elementor-element-220c3da elementor-widget elementor-widget-spacer\" data-id=\"220c3da\" data-element_type=\"widget\" data-widget_type=\"spacer.default\">\n\t\t\t\t<div class=\"elementor-widget-container\">\n\t\t\t\t\t<div class=\"elementor-spacer\">\n\t\t\t<div class=\"elementor-spacer-inner\"><\/div>\n\t\t<\/div>\n\t\t\t\t<\/div>\n\t\t\t\t<\/div>\n\t\t\t\t\t<\/div>\n\t\t<\/div>\n\t\t\t\t<div class=\"elementor-column elementor-col-11 elementor-top-column elementor-element elementor-element-52fd04d\" data-id=\"52fd04d\" data-element_type=\"column\">\n\t\t\t<div class=\"elementor-widget-wrap elementor-element-populated\">\n\t\t\t\t\t\t<div class=\"elementor-element elementor-element-8dfd43f elementor-widget elementor-widget-spacer\" data-id=\"8dfd43f\" data-element_type=\"widget\" data-widget_type=\"spacer.default\">\n\t\t\t\t<div class=\"elementor-widget-container\">\n\t\t\t\t\t<div class=\"elementor-spacer\">\n\t\t\t<div class=\"elementor-spacer-inner\"><\/div>\n\t\t<\/div>\n\t\t\t\t<\/div>\n\t\t\t\t<\/div>\n\t\t\t\t\t<\/div>\n\t\t<\/div>\n\t\t\t\t<div class=\"elementor-column elementor-col-11 elementor-top-column elementor-element elementor-element-e927986\" data-id=\"e927986\" data-element_type=\"column\">\n\t\t\t<div class=\"elementor-widget-wrap elementor-element-populated\">\n\t\t\t\t\t\t<div class=\"elementor-element elementor-element-2ec5d89 elementor-widget elementor-widget-spacer\" data-id=\"2ec5d89\" data-element_type=\"widget\" data-widget_type=\"spacer.default\">\n\t\t\t\t<div class=\"elementor-widget-container\">\n\t\t\t\t\t<div class=\"elementor-spacer\">\n\t\t\t<div class=\"elementor-spacer-inner\"><\/div>\n\t\t<\/div>\n\t\t\t\t<\/div>\n\t\t\t\t<\/div>\n\t\t\t\t\t<\/div>\n\t\t<\/div>\n\t\t\t\t<div class=\"elementor-column elementor-col-11 elementor-top-column elementor-element elementor-element-49bc191\" data-id=\"49bc191\" data-element_type=\"column\">\n\t\t\t<div class=\"elementor-widget-wrap elementor-element-populated\">\n\t\t\t\t\t\t<div class=\"elementor-element elementor-element-82a4f3c elementor-widget elementor-widget-spacer\" data-id=\"82a4f3c\" data-element_type=\"widget\" data-widget_type=\"spacer.default\">\n\t\t\t\t<div class=\"elementor-widget-container\">\n\t\t\t\t\t<div class=\"elementor-spacer\">\n\t\t\t<div class=\"elementor-spacer-inner\"><\/div>\n\t\t<\/div>\n\t\t\t\t<\/div>\n\t\t\t\t<\/div>\n\t\t\t\t\t<\/div>\n\t\t<\/div>\n\t\t\t\t<div class=\"elementor-column elementor-col-11 elementor-top-column elementor-element elementor-element-cea8740\" data-id=\"cea8740\" data-element_type=\"column\">\n\t\t\t<div class=\"elementor-widget-wrap elementor-element-populated\">\n\t\t\t\t\t\t<div class=\"elementor-element elementor-element-1c9be8a elementor-widget elementor-widget-spacer\" data-id=\"1c9be8a\" data-element_type=\"widget\" data-widget_type=\"spacer.default\">\n\t\t\t\t<div class=\"elementor-widget-container\">\n\t\t\t\t\t<div class=\"elementor-spacer\">\n\t\t\t<div class=\"elementor-spacer-inner\"><\/div>\n\t\t<\/div>\n\t\t\t\t<\/div>\n\t\t\t\t<\/div>\n\t\t\t\t\t<\/div>\n\t\t<\/div>\n\t\t\t\t<div class=\"elementor-column elementor-col-11 elementor-top-column elementor-element elementor-element-024357a\" data-id=\"024357a\" data-element_type=\"column\">\n\t\t\t<div class=\"elementor-widget-wrap elementor-element-populated\">\n\t\t\t\t\t\t<div class=\"elementor-element elementor-element-528d6a9 elementor-widget elementor-widget-spacer\" data-id=\"528d6a9\" data-element_type=\"widget\" data-widget_type=\"spacer.default\">\n\t\t\t\t<div class=\"elementor-widget-container\">\n\t\t\t\t\t<div class=\"elementor-spacer\">\n\t\t\t<div class=\"elementor-spacer-inner\"><\/div>\n\t\t<\/div>\n\t\t\t\t<\/div>\n\t\t\t\t<\/div>\n\t\t\t\t\t<\/div>\n\t\t<\/div>\n\t\t\t\t\t<\/div>\n\t\t<\/section>\n\t\t<div class=\"elementor-element elementor-element-54613a7 e-flex e-con-boxed e-con e-parent\" data-id=\"54613a7\" data-element_type=\"container\" data-settings=\"{&quot;background_background&quot;:&quot;classic&quot;}\">\n\t\t\t\t\t<div class=\"e-con-inner\">\n\t\t<div class=\"elementor-element elementor-element-7a64f19 e-con-full e-flex e-con e-parent\" data-id=\"7a64f19\" data-element_type=\"container\">\n\t\t\t\t<div class=\"elementor-element elementor-element-889f754 elementor-widget elementor-widget-image\" data-id=\"889f754\" data-element_type=\"widget\" data-widget_type=\"image.default\">\n\t\t\t\t<div class=\"elementor-widget-container\">\n\t\t\t\t\t\t\t\t\t\t\t\t\t\t<a href=\"https:\/\/adb.ec\/\" target=\"_blank\">\n\t\t\t\t\t\t\t<img decoding=\"async\" src=\"https:\/\/centrograficosalesiano.com.ec\/wp-content\/uploads\/2023\/03\/ADB.png\" title=\"ADB\" alt=\"\" class=\"elementor-animation-grow\" loading=\"lazy\" \/>\t\t\t\t\t\t\t\t<\/a>\n\t\t\t\t\t\t\t\t\t\t\t\t\t<\/div>\n\t\t\t\t<\/div>\n\t\t\t\t<\/div>\n\t\t<div class=\"elementor-element elementor-element-dd9b105 e-con-full e-flex e-con e-parent\" data-id=\"dd9b105\" data-element_type=\"container\">\n\t\t\t\t<div class=\"elementor-element elementor-element-600e406 elementor-widget elementor-widget-image\" data-id=\"600e406\" data-element_type=\"widget\" data-widget_type=\"image.default\">\n\t\t\t\t<div class=\"elementor-widget-container\">\n\t\t\t\t\t\t\t\t\t\t\t\t\t\t<a href=\"https:\/\/publicacionespastorales.com.ec\/\" target=\"_blank\">\n\t\t\t\t\t\t\t<img fetchpriority=\"high\" decoding=\"async\" width=\"289\" height=\"198\" src=\"https:\/\/centrograficosalesiano.com.ec\/wp-content\/uploads\/2023\/03\/CSPP.png\" class=\"elementor-animation-grow attachment-medium size-medium wp-image-1032\" alt=\"\" \/>\t\t\t\t\t\t\t\t<\/a>\n\t\t\t\t\t\t\t\t\t\t\t\t\t<\/div>\n\t\t\t\t<\/div>\n\t\t\t\t<\/div>\n\t\t<div class=\"elementor-element elementor-element-0b3f5d6 e-con-full e-flex e-con e-parent\" data-id=\"0b3f5d6\" data-element_type=\"container\">\n\t\t\t\t<div class=\"elementor-element elementor-element-73dff83 elementor-widget elementor-widget-image\" data-id=\"73dff83\" data-element_type=\"widget\" data-widget_type=\"image.default\">\n\t\t\t\t<div class=\"elementor-widget-container\">\n\t\t\t\t\t\t\t\t\t\t\t\t\t\t<a href=\"https:\/\/lns.com.ec\/\" target=\"_blank\">\n\t\t\t\t\t\t\t<img decoding=\"async\" width=\"264\" height=\"143\" src=\"https:\/\/centrograficosalesiano.com.ec\/wp-content\/uploads\/2023\/03\/LNS.png\" class=\"elementor-animation-grow attachment-medium size-medium wp-image-1083\" alt=\"\" \/>\t\t\t\t\t\t\t\t<\/a>\n\t\t\t\t\t\t\t\t\t\t\t\t\t<\/div>\n\t\t\t\t<\/div>\n\t\t\t\t<\/div>\n\t\t<div class=\"elementor-element elementor-element-f649e91 e-con-full e-flex e-con e-parent\" data-id=\"f649e91\" data-element_type=\"container\">\n\t\t\t\t<div class=\"elementor-element elementor-element-ff10f8f elementor-widget elementor-widget-image\" data-id=\"ff10f8f\" data-element_type=\"widget\" data-widget_type=\"image.default\">\n\t\t\t\t<div class=\"elementor-widget-container\">\n\t\t\t\t\t\t\t\t\t\t\t\t\t\t<a href=\"https:\/\/epe.edebe.com\/login\/?next=\/\" target=\"_blank\">\n\t\t\t\t\t\t\t<img decoding=\"async\" width=\"289\" height=\"198\" src=\"https:\/\/centrograficosalesiano.com.ec\/wp-content\/uploads\/2023\/03\/EDB-ON.png\" class=\"elementor-animation-grow attachment-medium size-medium wp-image-1033\" alt=\"\" \/>\t\t\t\t\t\t\t\t<\/a>\n\t\t\t\t\t\t\t\t\t\t\t\t\t<\/div>\n\t\t\t\t<\/div>\n\t\t\t\t<\/div>\n\t\t<div class=\"elementor-element elementor-element-d88b4fa e-con-full e-flex e-con e-parent\" data-id=\"d88b4fa\" data-element_type=\"container\">\n\t\t\t\t<div class=\"elementor-element elementor-element-dbe797f elementor-widget elementor-widget-image\" data-id=\"dbe797f\" data-element_type=\"widget\" data-widget_type=\"image.default\">\n\t\t\t\t<div class=\"elementor-widget-container\">\n\t\t\t\t\t\t\t\t\t\t\t\t\t\t<a href=\"https:\/\/edu.esemtia.ec\/\" target=\"_blank\">\n\t\t\t\t\t\t\t<img loading=\"lazy\" decoding=\"async\" width=\"289\" height=\"198\" src=\"https:\/\/centrograficosalesiano.com.ec\/wp-content\/uploads\/2023\/03\/ESE.png\" class=\"elementor-animation-grow attachment-medium size-medium wp-image-1034\" alt=\"\" \/>\t\t\t\t\t\t\t\t<\/a>\n\t\t\t\t\t\t\t\t\t\t\t\t\t<\/div>\n\t\t\t\t<\/div>\n\t\t\t\t<\/div>\n\t\t\t\t\t<\/div>\n\t\t\t\t<\/div>\n\t\t<div class=\"elementor-element elementor-element-868537a e-flex e-con-boxed e-con e-parent\" data-id=\"868537a\" data-element_type=\"container\">\n\t\t\t\t\t<div class=\"e-con-inner\">\n\t\t<div class=\"elementor-element elementor-element-238169c e-con-full e-flex e-con e-parent\" data-id=\"238169c\" data-element_type=\"container\">\n\t\t\t\t<div class=\"elementor-element elementor-element-955a506 elementor-widget-divider--view-line elementor-widget elementor-widget-divider\" data-id=\"955a506\" data-element_type=\"widget\" data-widget_type=\"divider.default\">\n\t\t\t\t<div class=\"elementor-widget-container\">\n\t\t\t\t\t<div class=\"elementor-divider\">\n\t\t\t<span class=\"elementor-divider-separator\">\n\t\t\t\t\t\t<\/span>\n\t\t<\/div>\n\t\t\t\t<\/div>\n\t\t\t\t<\/div>\n\t\t\t\t<div class=\"elementor-element elementor-element-45585be elementor-position-left elementor-vertical-align-middle elementor-widget elementor-widget-image-box\" data-id=\"45585be\" data-element_type=\"widget\" data-widget_type=\"image-box.default\">\n\t\t\t\t<div class=\"elementor-widget-container\">\n\t\t\t<div class=\"elementor-image-box-wrapper\"><figure class=\"elementor-image-box-img\"><a href=\"http:\/\/www.edibosco.com\" tabindex=\"-1\"><img decoding=\"async\" src=\"https:\/\/centrograficosalesiano.com.ec\/wp-content\/uploads\/2023\/03\/EDB-1.png\" title=\"EDB\" alt=\"\" loading=\"lazy\" \/><\/a><\/figure><div class=\"elementor-image-box-content\"><p class=\"elementor-image-box-title\"><a href=\"http:\/\/www.edibosco.com\">\u00a9 2023<\/a><\/p><p class=\"elementor-image-box-description\">Todos los derechos reservados<\/p><\/div><\/div>\t\t<\/div>\n\t\t\t\t<\/div>\n\t\t\t\t<\/div>\n\t\t<div class=\"elementor-element elementor-element-9c75a89 e-con-full e-flex e-con e-parent\" data-id=\"9c75a89\" data-element_type=\"container\">\n\t\t\t\t<div class=\"elementor-element elementor-element-7505eb5 elementor-widget elementor-widget-text-editor\" data-id=\"7505eb5\" data-element_type=\"widget\" data-widget_type=\"text-editor.default\">\n\t\t\t\t<div class=\"elementor-widget-container\">\n\t\t\t\t\t\t\t<p style=\"text-align: left;\"><strong>Corporativo<\/strong><\/p><p><a href=\"http:\/\/www.edibosco.com\/\" target=\"_blank\" rel=\"noopener\">Empresa<\/a><br \/><a href=\"http:\/\/centrograficosalesiano.com.ec\/?page_id=1156\" target=\"_blank\" rel=\"noopener\">Quienes Somos<\/a><br \/><a href=\"https:\/\/edibosco.com\/jobs\" target=\"_blank\" rel=\"noopener\">Trabaja con\u00a0 nosotros<\/a><br \/><a href=\"http:\/\/201.218.59.182:8080\/edoc\/login.jsf\" target=\"_blank\" rel=\"noopener\">Factura electr\u00f3nica<\/a><\/p>\t\t\t\t\t\t<\/div>\n\t\t\t\t<\/div>\n\t\t\t\t<\/div>\n\t\t<div class=\"elementor-element elementor-element-9e1dace e-con-full e-flex e-con e-parent\" data-id=\"9e1dace\" data-element_type=\"container\">\n\t\t\t\t<div class=\"elementor-element elementor-element-0762afd elementor-widget elementor-widget-text-editor\" data-id=\"0762afd\" data-element_type=\"widget\" data-widget_type=\"text-editor.default\">\n\t\t\t\t<div class=\"elementor-widget-container\">\n\t\t\t\t\t\t\t<p><strong>Atenci\u00f3n al cliente<\/strong><\/p><p><strong>Mail: <\/strong><a href=\"mailto:ventas.cgs@lns.com.ec\">ventas.cgs@lns.com.ec<\/a><br \/><strong>Whatsapp:<\/strong> <a href=\"https:\/\/wa.me\/593993769200\" target=\"_blank\" rel=\"noopener\">099 3769200<\/a><br \/><strong>Direcci\u00f3n:<\/strong> Vega Mu\u00f1oz 10-68 y General Torres, Cuenca. Ecuador<\/p>\t\t\t\t\t\t<\/div>\n\t\t\t\t<\/div>\n\t\t\t\t<\/div>\n\t\t<div class=\"elementor-element elementor-element-8d9bfe2 e-con-full e-flex e-con e-parent\" data-id=\"8d9bfe2\" data-element_type=\"container\">\n\t\t\t\t<div class=\"elementor-element elementor-element-d72facb elementor-widget-divider--view-line elementor-widget elementor-widget-divider\" data-id=\"d72facb\" data-element_type=\"widget\" data-widget_type=\"divider.default\">\n\t\t\t\t<div class=\"elementor-widget-container\">\n\t\t\t\t\t<div class=\"elementor-divider\">\n\t\t\t<span class=\"elementor-divider-separator\">\n\t\t\t\t\t\t<\/span>\n\t\t<\/div>\n\t\t\t\t<\/div>\n\t\t\t\t<\/div>\n\t\t\t\t<div class=\"elementor-element elementor-element-171f260 elementor-position-left elementor-vertical-align-middle elementor-widget elementor-widget-image-box\" data-id=\"171f260\" data-element_type=\"widget\" data-widget_type=\"image-box.default\">\n\t\t\t\t<div class=\"elementor-widget-container\">\n\t\t\t<div class=\"elementor-image-box-wrapper\"><figure class=\"elementor-image-box-img\"><a href=\"https:\/\/salesianos.org.ec\/\" target=\"_blank\" tabindex=\"-1\"><img loading=\"lazy\" decoding=\"async\" width=\"986\" height=\"1265\" src=\"https:\/\/centrograficosalesiano.com.ec\/wp-content\/uploads\/2023\/03\/Logo-Salesianos.png\" class=\"attachment-full size-full wp-image-1075\" alt=\"\" srcset=\"https:\/\/centrograficosalesiano.com.ec\/wp-content\/uploads\/2023\/03\/Logo-Salesianos.png 986w, https:\/\/centrograficosalesiano.com.ec\/wp-content\/uploads\/2023\/03\/Logo-Salesianos-234x300.png 234w, https:\/\/centrograficosalesiano.com.ec\/wp-content\/uploads\/2023\/03\/Logo-Salesianos-798x1024.png 798w, https:\/\/centrograficosalesiano.com.ec\/wp-content\/uploads\/2023\/03\/Logo-Salesianos-768x985.png 768w, https:\/\/centrograficosalesiano.com.ec\/wp-content\/uploads\/2023\/03\/Logo-Salesianos-600x770.png 600w\" sizes=\"(max-width: 986px) 100vw, 986px\" \/><\/a><\/figure><div class=\"elementor-image-box-content\"><p class=\"elementor-image-box-title\"><a href=\"https:\/\/salesianos.org.ec\/\" target=\"_blank\">Salesianos Don Bosco<\/a><\/p><\/div><\/div>\t\t<\/div>\n\t\t\t\t<\/div>\n\t\t\t\t<\/div>\n\t\t\t\t\t<\/div>\n\t\t\t\t<\/div>\n\t\t\t\t<\/div>\n\t\t","protected":false},"excerpt":{"rendered":"<p>\u00a9 2023 Todos los derechos reservados Corporativo EmpresaQuienes SomosTrabaja con\u00a0 nosotrosFactura electr\u00f3nica Atenci\u00f3n al cliente Mail: ventas.cgs@lns.com.ecWhatsapp: 099 3769200Direcci\u00f3n: Vega Mu\u00f1oz 10-68 y General Torres, Cuenca. Ecuador Salesianos Don Bosco<\/p>\n","protected":false},"author":3,"featured_media":0,"parent":0,"menu_order":0,"comment_status":"closed","ping_status":"closed","template":"","meta":{"footnotes":""},"class_list":["post-1278","page","type-page","status-publish","hentry"],"_links":{"self":[{"href":"https:\/\/centrograficosalesiano.com.ec\/index.php?rest_route=\/wp\/v2\/pages\/1278","targetHints":{"allow":["GET"]}}],"collection":[{"href":"https:\/\/centrograficosalesiano.com.ec\/index.php?rest_route=\/wp\/v2\/pages"}],"about":[{"href":"https:\/\/centrograficosalesiano.com.ec\/index.php?rest_route=\/wp\/v2\/types\/page"}],"author":[{"embeddable":true,"href":"https:\/\/centrograficosalesiano.com.ec\/index.php?rest_route=\/wp\/v2\/users\/3"}],"replies":[{"embeddable":true,"href":"https:\/\/centrograficosalesiano.com.ec\/index.php?rest_route=%2Fwp%2Fv2%2Fcomments&post=1278"}],"version-history":[{"count":72,"href":"https:\/\/centrograficosalesiano.com.ec\/index.php?rest_route=\/wp\/v2\/pages\/1278\/revisions"}],"predecessor-version":[{"id":2339,"href":"https:\/\/centrograficosalesiano.com.ec\/index.php?rest_route=\/wp\/v2\/pages\/1278\/revisions\/2339"}],"wp:attachment":[{"href":"https:\/\/centrograficosalesiano.com.ec\/index.php?rest_route=%2Fwp%2Fv2%2Fmedia&parent=1278"}],"curies":[{"name":"wp","href":"https:\/\/api.w.org\/{rel}","templated":true}]}}